{"id":4793,"date":"2023-04-20T09:02:29","date_gmt":"2023-04-20T07:02:29","guid":{"rendered":"https:\/\/vrtecsalovci.splet.arnes.si\/?page_id=4793"},"modified":"2023-04-20T09:02:30","modified_gmt":"2023-04-20T07:02:30","slug":"izjava-o-dostopnosti","status":"publish","type":"page","link":"https:\/\/vrtecsalovci.splet.arnes.si\/?page_id=4793","title":{"rendered":"Izjava o dostopnosti"},"content":{"rendered":"\n<p>O\u0160 \u0160alovci se zavezuje, da bo omogo\u010dala dostopnost spleti\u0161\u010da www.arnes.si v skladu z&nbsp;<a rel=\"noreferrer noopener\" href=\"http:\/\/www.pisrs.si\/Pis.web\/pregledPredpisa?id=ZAKO7718\" target=\"_blank\">Zakonom o dostopnosti spleti\u0161\u010d in mobilnih aplikacij<\/a>&nbsp;vsem uporabnikom.<\/p>\n\n\n\n<h2 class=\"wp-block-heading\">Izjava o dostopnosti<\/h2>\n\n\n\n<p>Ta izjava o dostopnosti se nana\u0161a na spleti\u0161\u010de\u00a0<a href=\"https:\/\/vrtecsalovci.splet.arnes.si\/\" data-type=\"URL\" data-id=\"https:\/\/vrtecsalovci.splet.arnes.si\/\">https:\/\/vrtecsalovci.splet.arnes.si\/<\/a>.<\/p>\n\n\n\n<p>Za zagotavljanje zahtev glede dostopnosti so bile sistemsko zagotovljene nekatere prilagoditve, kot so:<\/p>\n\n\n\n<ul class=\"wp-block-list\"><li>odzivno oblikovanje (prilagajanje postavitve vsebine lo\u010dljivosti zaslona),<\/li><li>navigacija s tipkovnico (prilagoditev za uporabnike, ki ne morejo uporabljati mi\u0161ke),<\/li><li>ustrezni barvni kontrasti (med besedilom in ozadjem),<\/li><li>predvidljivo delovanje spleti\u0161\u010da,<\/li><li>omogo\u010deno je spreminjanje tipa pisav in velikosti fontov,<\/li><li>omogo\u010deno je ustavljanje premikov,<\/li><li>omogo\u010deno je opremljanje slik z nadomestnim besedilom,<\/li><li>ve\u010dina slikovnega gradiva je opremljenega z alternativnimi opisi,<\/li><li>omogo\u010deno je pod\u010drtovanje povezav,<\/li><li>omogo\u010dena je uporaba razli\u010dnih ravni naslovov.<\/li><\/ul>\n\n\n\n<h2 class=\"wp-block-heading\">Stopnja skladnosti<\/h2>\n\n\n\n<p>Spleti\u0161\u010de <a href=\"https:\/\/vrtecsalovci.splet.arnes.si\/\" data-type=\"URL\" data-id=\"https:\/\/vrtecsalovci.splet.arnes.si\/\">https:\/\/vrtecsalovci.splet.arnes.si\/<\/a> je delno skladno z Zakonom o dostopnosti spleti\u0161\u010d in mobilnih aplikacij zaradi spodaj navedenih izjem.<\/p>\n\n\n\n<h2 class=\"wp-block-heading\">Nedostopna vsebina<\/h2>\n\n\n\n<p>Dostopnost spleti\u0161\u010da <a href=\"https:\/\/vrtecsalovci.splet.arnes.si\/\" data-type=\"URL\" data-id=\"https:\/\/vrtecsalovci.splet.arnes.si\/\">https:\/\/vrtecsalovci.splet.arnes.si\/<\/a> nenehno spremljamo in sproti izbolj\u0161ujemo posamezne elemente dostopnosti. Kljub temu nekatere objavljene vsebine ne izpolnjujejo vseh zahtev glede dostopnosti, kot jih dolo\u010da Zakon o dostopnosti spleti\u0161\u010d in mobilnih aplikacij.<\/p>\n\n\n\n<p>Primeri takih vsebin so:<\/p>\n\n\n\n<ul class=\"wp-block-list\"><li>skenirani dokumenti v PDF obliki zapisa,<\/li><li>razli\u010dne kompleksne tabele s podatki,<\/li><li>grafi\u010dno zahtevna vabila na prireditve, izdelki u\u010dencev,<\/li><li>videoposnetki, ki nimajo na voljo podnapisov,<\/li><li>organigrami,<\/li><li>vsebina v formatih, ki zahteva prenos in uporabo namenskih aplikacij.<\/li><\/ul>\n\n\n\n<h2 class=\"wp-block-heading\">Priprava izjave o dostopnosti<\/h2>\n\n\n\n<ul class=\"wp-block-list\"><li>Ta izjava je bila pripravljena 18. aprila 2023 na podlagi samoocene.<\/li><li>Izjava je bila nazadnje pregledana 18. aprila 2023.<\/li><\/ul>\n\n\n\n<h2 class=\"wp-block-heading\">Povratne in kontaktne informacije<\/h2>\n\n\n\n<p>Zaradi zelo pogostih posodobitev vsebin lahko obiskovalci pri brskanju po spleti\u0161\u010du <a href=\"https:\/\/vrtecsalovci.splet.arnes.si\/\" data-type=\"URL\" data-id=\"https:\/\/vrtecsalovci.splet.arnes.si\/\">https:\/\/vrtecsalovci.splet.arnes.si\/<\/a>, kljub prizadevanjem, da bi bile vse spletne strani \u010dim bolj dostopne in uporabnikom prijazne, ob\u010dasno naletijo na te\u017eave z dostopnostjo.<\/p>\n\n\n\n<p>Obvestilo o morebitnih primerih neskladnosti objav z dolo\u010dili Zakona o dostopnosti spleti\u0161\u010d in mobilnih aplikacij in zahteve po posredovanju informacij v dostopni obliki lahko po\u0161ljete po elektronski po\u0161ti na naslov&nbsp;o-salovci.ms@guest.arnes.si.<\/p>\n\n\n\n<p>Odgovor boste prejeli v roku osmih dni od prejema obvestila oziroma pro\u0161nje. \u010ce v tem roku ne bomo mogli podati ustreznega odgovora, vam bomo sporo\u010dili, kdaj bo odgovor podan in razloge za zakasnitev odgovora.<\/p>\n\n\n\n<h2 class=\"wp-block-heading\">Izvr\u0161ilni postopek<\/h2>\n\n\n\n<p>V primeru, da ugotovite odstopanja od dolo\u010dil Zakona o dostopnosti spleti\u0161\u010d in mobilnih aplikacij, lahko podate prijavo in\u0161pektorjem za informacijsko dru\u017ebo po navadni ali elektronski po\u0161ti na naslov: &nbsp;<a rel=\"noreferrer noopener\" target=\"_blank\">gp.uiv@gov.si<\/a>.&nbsp;<\/p>\n","protected":false},"excerpt":{"rendered":"<p>O\u0160 \u0160alovci se zavezuje, da bo omogo\u010dala dostopnost spleti\u0161\u010da www.arnes.si v skladu z&nbsp;Zakonom o dostopnosti spleti\u0161\u010d in mobilnih aplikacij&nbsp;vsem uporabnikom. Izjava o dostopnosti Ta izjava o dostopnosti se nana\u0161a na [&hellip;]<\/p>\n","protected":false},"author":81642,"featured_media":0,"parent":0,"menu_order":0,"comment_status":"closed","ping_status":"closed","template":"","meta":{"ngg_post_thumbnail":0,"footnotes":""},"class_list":["post-4793","page","type-page","status-publish","hentry"],"_links":{"self":[{"href":"https:\/\/vrtecsalovci.splet.arnes.si\/index.php?rest_route=\/wp\/v2\/pages\/4793","targetHints":{"allow":["GET"]}}],"collection":[{"href":"https:\/\/vrtecsalovci.splet.arnes.si\/index.php?rest_route=\/wp\/v2\/pages"}],"about":[{"href":"https:\/\/vrtecsalovci.splet.arnes.si\/index.php?rest_route=\/wp\/v2\/types\/page"}],"author":[{"embeddable":true,"href":"https:\/\/vrtecsalovci.splet.arnes.si\/index.php?rest_route=\/wp\/v2\/users\/81642"}],"replies":[{"embeddable":true,"href":"https:\/\/vrtecsalovci.splet.arnes.si\/index.php?rest_route=%2Fwp%2Fv2%2Fcomments&post=4793"}],"version-history":[{"count":1,"href":"https:\/\/vrtecsalovci.splet.arnes.si\/index.php?rest_route=\/wp\/v2\/pages\/4793\/revisions"}],"predecessor-version":[{"id":4794,"href":"https:\/\/vrtecsalovci.splet.arnes.si\/index.php?rest_route=\/wp\/v2\/pages\/4793\/revisions\/4794"}],"wp:attachment":[{"href":"https:\/\/vrtecsalovci.splet.arnes.si\/index.php?rest_route=%2Fwp%2Fv2%2Fmedia&parent=4793"}],"curies":[{"name":"wp","href":"https:\/\/api.w.org\/{rel}","templated":true}]}}