{"id":5361,"date":"2024-09-06T07:31:02","date_gmt":"2024-09-06T05:31:02","guid":{"rendered":"https:\/\/vrtecsalovci.splet.arnes.si\/?page_id=5361"},"modified":"2024-09-06T07:31:02","modified_gmt":"2024-09-06T05:31:02","slug":"zdravstveno-higienski-rezim","status":"publish","type":"page","link":"https:\/\/vrtecsalovci.splet.arnes.si\/?page_id=5361","title":{"rendered":"Zdravstveno higienski re\u017eim"},"content":{"rendered":"\n<p>Za zdravje in higieno v vrtcu smo odgovorni vsi zaposleni v vrtcu, kot tudi star\u0161i otrok in vsi ostali, ki ob\u010dasno obi\u0161\u010dejo vrtec.<\/p>\n\n\n\n<p>Spo\u0161tovani star\u0161i, nesoglasja med star\u0161i se najve\u010dkrat pojavijo zaradi vpra\u0161anja \u00bbKDAJ OTROK NE SODI V VRTEC\u00ab?<\/p>\n\n\n\n<p>Star\u0161i se morate zavedati, da nosite do lastnega otroka in ostalih otrok, ki so vklju\u010deni v vrtec, veliko odgovornost.<\/p>\n\n\n\n<p>Ko v vrtec pripeljete otroka prezgodaj, ko \u0161e ni zdrav, oziroma, da ga v primeru vidnih za\u010detnih bolezenskih znakih niste peljali k zdravniku, ki bi izklju\u010dil bolezen kot nevarno drugim otrokom, predstavlja va\u0161 otrok veliko tveganje, da se bo bolezen raz\u0161irila po celotni skupini, ki jo obiskuje in posledi\u010dno na vse otroke in osebje v vrtcu.<\/p>\n\n\n\n<p>Star\u0161i ste tako prvi, ki lahko prepoznate bolezen pri otroku \u017ee doma.<\/p>\n\n\n\n<p>Kadar ima otrok kateregakoli izmed spodaj navedenih znakov, lahko osebje vrtca zavrne sprejem otroka:<\/p>\n\n\n\n<p>&#8211;&nbsp;&nbsp;&nbsp;&nbsp;&nbsp;&nbsp;&nbsp;&nbsp;&nbsp;&nbsp;&nbsp;&nbsp;&nbsp;&nbsp;&nbsp;&nbsp;&nbsp;&nbsp;&nbsp;&nbsp;&nbsp; ima povi\u0161ano telesno temperaturo, neobi\u010dajno utrujenost, te\u017eko dihanje;<\/p>\n\n\n\n<p>&#8211;&nbsp;&nbsp;&nbsp;&nbsp;&nbsp;&nbsp;&nbsp;&nbsp;&nbsp;&nbsp;&nbsp;&nbsp;&nbsp;&nbsp;&nbsp;&nbsp;&nbsp;&nbsp;&nbsp;&nbsp;&nbsp; je v zadnjih 24 urah ve\u010d kot 2 krat bruhal;<\/p>\n\n\n\n<p>&#8211;&nbsp;&nbsp;&nbsp;&nbsp;&nbsp;&nbsp;&nbsp;&nbsp;&nbsp;&nbsp;&nbsp;&nbsp;&nbsp;&nbsp;&nbsp;&nbsp;&nbsp;&nbsp;&nbsp;&nbsp;&nbsp; ima drisko \u2013 mehko blato ve\u010d kot 2 krat dnevno, primes sluzi ali krvi;<\/p>\n\n\n\n<p>&#8211;&nbsp;&nbsp;&nbsp;&nbsp;&nbsp;&nbsp;&nbsp;&nbsp;&nbsp;&nbsp;&nbsp;&nbsp;&nbsp;&nbsp;&nbsp;&nbsp;&nbsp;&nbsp;&nbsp;&nbsp;&nbsp; ima v ustih razjede in se slini;<\/p>\n\n\n\n<p>&#8211;&nbsp;&nbsp;&nbsp;&nbsp;&nbsp;&nbsp;&nbsp;&nbsp;&nbsp;&nbsp;&nbsp;&nbsp;&nbsp;&nbsp;&nbsp;&nbsp;&nbsp;&nbsp;&nbsp;&nbsp;&nbsp; ima izpu\u0161\u010daje z ali brez vro\u010dine;<\/p>\n\n\n\n<p>&#8211;&nbsp;&nbsp;&nbsp;&nbsp;&nbsp;&nbsp;&nbsp;&nbsp;&nbsp;&nbsp;&nbsp;&nbsp;&nbsp;&nbsp;&nbsp;&nbsp;&nbsp;&nbsp;&nbsp;&nbsp;&nbsp; ima gnojen izcedek iz o\u010di;<\/p>\n\n\n\n<p>&#8211;&nbsp;&nbsp;&nbsp;&nbsp;&nbsp;&nbsp;&nbsp;&nbsp;&nbsp;&nbsp;&nbsp;&nbsp;&nbsp;&nbsp;&nbsp;&nbsp;&nbsp;&nbsp;&nbsp;&nbsp;&nbsp; ga boli \u017erelo in ima otekle bezgavke;<\/p>\n\n\n\n<p>&#8211;&nbsp;&nbsp;&nbsp;&nbsp;&nbsp;&nbsp;&nbsp;&nbsp;&nbsp;&nbsp;&nbsp;&nbsp;&nbsp;&nbsp;&nbsp;&nbsp;&nbsp;&nbsp;&nbsp;&nbsp;&nbsp; mo\u010dno ka\u0161lja;<\/p>\n\n\n\n<p>&#8211;&nbsp;&nbsp;&nbsp;&nbsp;&nbsp;&nbsp;&nbsp;&nbsp;&nbsp;&nbsp;&nbsp;&nbsp;&nbsp;&nbsp;&nbsp;&nbsp;&nbsp;&nbsp;&nbsp;&nbsp;&nbsp; ima u\u0161i, oziroma dokler niso le te odstranjene z ustreznim \u0161amponom.<\/p>\n\n\n\n<p>Ob prebolevanju katerekoli oku\u017ebe potrebuje otrok po\u010ditek doma, najbolj\u0161e zdravilo za majhnega otroka je bli\u017eina in&nbsp; ljubezen star\u0161ev. S tem omogo\u010dimo hitrej\u0161e in bolj\u0161e zdravljenje in prepre\u010dimo \u0161irjenje bolezni na druge otroke.<\/p>\n\n\n\n<p>Zato ste star\u0161i dol\u017eni, da v vrtec pripeljete zdravega otroka in to zaradi njegove varnosti in varnosti kolektiva.<\/p>\n\n\n\n<p>Lahko pa pripomorete, da bodo otroci v vrtcu manj bolni s tem, da jih \u010dim prej nau\u010dite dobrih higienskih navad, zlasti umivanja rok.<\/p>\n\n\n\n<p>Priporo\u010dilo Zavoda za zdravstveno varstvo je, da je otrok sposoben za vklju\u010ditev v vrtec, \u010de je od zadnjega bolezenskega znaka (bruhanje, vro\u010dina, driska) minilo najmanj 24 ur. Kdaj se bo otrok po preboleli bolezni vklju\u010dil v vrtec, oceni pediater, ki otroka zdravi. Otrok mora biti dovolj zdrav in ne sme biti ku\u017een za okolico.<\/p>\n\n\n\n<p>Osebje v vrtcu upo\u0161teva navodila za prepre\u010devanje in omejitev \u0161irjenja nalezljivih bolezni, ki jih izdela&nbsp; organizator prehrane in zdravstveno higienskega re\u017eima, ki pa sodeluje z Zavodom za zdravstveno varstvo in pediatri.<\/p>\n\n\n\n<p>Obolevanja v vrtcu se zaradi omenjenih zna\u010dilnosti mal\u010dkov v celoti ne moremo izogniti. Tudi star\u0161i lahko pripomorete, da bodo otroci manj pogosto obolevali:<\/p>\n\n\n\n<p>&#8211;&nbsp;&nbsp;&nbsp;&nbsp;&nbsp;&nbsp;&nbsp;&nbsp;&nbsp;&nbsp;&nbsp;&nbsp;&nbsp;&nbsp;&nbsp;&nbsp;&nbsp;&nbsp;&nbsp;&nbsp;&nbsp; pred vstopom v vrtec naj otrok opravi vsa priporo\u010dena cepljenja;<\/p>\n\n\n\n<p>&#8211;&nbsp;&nbsp;&nbsp;&nbsp;&nbsp;&nbsp;&nbsp;&nbsp;&nbsp;&nbsp;&nbsp;&nbsp;&nbsp;&nbsp;&nbsp;&nbsp;&nbsp;&nbsp;&nbsp;&nbsp;&nbsp; skrbimo, da bo na\u0161 otrok \u010dim prej osvojil dobre higienska navade, zlasti umivanje rok;<\/p>\n\n\n\n<p>&#8211;&nbsp;&nbsp;&nbsp;&nbsp;&nbsp;&nbsp;&nbsp;&nbsp;&nbsp;&nbsp;&nbsp;&nbsp;&nbsp;&nbsp;&nbsp;&nbsp;&nbsp;&nbsp;&nbsp;&nbsp;&nbsp; krepitev zdravja otrok, dovolj gibanja, telesno utrjevanje, sprehodi tudi v slabem vremenu;<\/p>\n\n\n\n<p>&#8211;&nbsp;&nbsp;&nbsp;&nbsp;&nbsp;&nbsp;&nbsp;&nbsp;&nbsp;&nbsp;&nbsp;&nbsp;&nbsp;&nbsp;&nbsp;&nbsp;&nbsp;&nbsp;&nbsp;&nbsp;&nbsp; ne kadite v prostorih kjer so otroci;<\/p>\n\n\n\n<p>&#8211;&nbsp;&nbsp;&nbsp;&nbsp;&nbsp;&nbsp;&nbsp;&nbsp;&nbsp;&nbsp;&nbsp;&nbsp;&nbsp;&nbsp;&nbsp;&nbsp;&nbsp;&nbsp;&nbsp;&nbsp;&nbsp; navajanje na raznoliko, pestro in uravnote\u017eeno prehrano, kjer so zajeta vsa \u017eivila (meso, sadje, zelenjava, \u017eitarice);<\/p>\n\n\n\n<p>&#8211;&nbsp;&nbsp;&nbsp;&nbsp;&nbsp;&nbsp;&nbsp;&nbsp;&nbsp;&nbsp;&nbsp;&nbsp;&nbsp;&nbsp;&nbsp;&nbsp;&nbsp;&nbsp;&nbsp;&nbsp;&nbsp; v vrtec ne vodimo otrok z znaki nalezljive bolezni, otrok ki so \u0161e ku\u017eni ali imajo u\u0161i.<\/p>\n","protected":false},"excerpt":{"rendered":"<p>Za zdravje in higieno v vrtcu smo odgovorni vsi zaposleni v vrtcu, kot tudi star\u0161i otrok in vsi ostali, ki ob\u010dasno obi\u0161\u010dejo vrtec. Spo\u0161tovani star\u0161i, nesoglasja med star\u0161i se najve\u010dkrat [&hellip;]<\/p>\n","protected":false},"author":81642,"featured_media":0,"parent":0,"menu_order":0,"comment_status":"closed","ping_status":"closed","template":"","meta":{"ngg_post_thumbnail":0,"footnotes":""},"class_list":["post-5361","page","type-page","status-publish","hentry"],"_links":{"self":[{"href":"https:\/\/vrtecsalovci.splet.arnes.si\/index.php?rest_route=\/wp\/v2\/pages\/5361","targetHints":{"allow":["GET"]}}],"collection":[{"href":"https:\/\/vrtecsalovci.splet.arnes.si\/index.php?rest_route=\/wp\/v2\/pages"}],"about":[{"href":"https:\/\/vrtecsalovci.splet.arnes.si\/index.php?rest_route=\/wp\/v2\/types\/page"}],"author":[{"embeddable":true,"href":"https:\/\/vrtecsalovci.splet.arnes.si\/index.php?rest_route=\/wp\/v2\/users\/81642"}],"replies":[{"embeddable":true,"href":"https:\/\/vrtecsalovci.splet.arnes.si\/index.php?rest_route=%2Fwp%2Fv2%2Fcomments&post=5361"}],"version-history":[{"count":1,"href":"https:\/\/vrtecsalovci.splet.arnes.si\/index.php?rest_route=\/wp\/v2\/pages\/5361\/revisions"}],"predecessor-version":[{"id":5362,"href":"https:\/\/vrtecsalovci.splet.arnes.si\/index.php?rest_route=\/wp\/v2\/pages\/5361\/revisions\/5362"}],"wp:attachment":[{"href":"https:\/\/vrtecsalovci.splet.arnes.si\/index.php?rest_route=%2Fwp%2Fv2%2Fmedia&parent=5361"}],"curies":[{"name":"wp","href":"https:\/\/api.w.org\/{rel}","templated":true}]}}