{"id":5407,"date":"2024-09-09T08:41:28","date_gmt":"2024-09-09T06:41:28","guid":{"rendered":"https:\/\/vrtecsalovci.splet.arnes.si\/?page_id=5407"},"modified":"2024-09-09T08:41:29","modified_gmt":"2024-09-09T06:41:29","slug":"koristne-povezave","status":"publish","type":"page","link":"https:\/\/vrtecsalovci.splet.arnes.si\/?page_id=5407","title":{"rendered":"Koristne povezave"},"content":{"rendered":"\n<p><a href=\"https:\/\/www.logopedskikoticek.si\/\" data-type=\"link\" data-id=\"https:\/\/www.logopedskikoticek.si\/\"><strong>Logopedski koti\u010dek &#8211; ideje za star\u0161e otrok z govorno-jezikovnimi te\u017eavam<\/strong>i<\/a><\/p>\n\n\n\n<p><strong><a href=\"https:\/\/www.mladinska-knjiga.si\/revije\/cicido\/o-reviji\" data-type=\"link\" data-id=\"https:\/\/www.mladinska-knjiga.si\/revije\/cicido\/o-reviji\">Cidico, revija za pred\u0161olske navihance<\/a><\/strong><\/p>\n\n\n\n<p><strong><a href=\"https:\/\/www.zmajcek.net\/\" data-type=\"link\" data-id=\"https:\/\/www.zmajcek.net\/\">Revija Zmaj\u010dek &#8211; z igro do znanja<\/a><\/strong><\/p>\n\n\n\n<p><strong><a href=\"https:\/\/www.lahkonocnice.si\/\" data-type=\"link\" data-id=\"https:\/\/www.lahkonocnice.si\/\">Lahkono\u010dnice<\/a><\/strong><\/p>\n\n\n\n<p><strong><a href=\"https:\/\/nova.otroci.org\/\" data-type=\"link\" data-id=\"https:\/\/nova.otroci.org\/\">Otroci.org<\/a><\/strong><\/p>\n\n\n\n<p><strong><a href=\"https:\/\/odzmededobesede.splet.arnes.si\/\" data-type=\"link\" data-id=\"https:\/\/odzmededobesede.splet.arnes.si\/\">OD ZMEDE DO BESEDE&nbsp;<\/a><\/strong><\/p>\n","protected":false},"excerpt":{"rendered":"<p>Logopedski koti\u010dek &#8211; ideje za star\u0161e otrok z govorno-jezikovnimi te\u017eavami Cidico, revija za pred\u0161olske navihance Revija Zmaj\u010dek &#8211; z igro do znanja Lahkono\u010dnice Otroci.org OD ZMEDE DO BESEDE&nbsp;<\/p>\n","protected":false},"author":81642,"featured_media":0,"parent":0,"menu_order":0,"comment_status":"closed","ping_status":"closed","template":"","meta":{"ngg_post_thumbnail":0,"footnotes":""},"class_list":["post-5407","page","type-page","status-publish","hentry"],"_links":{"self":[{"href":"https:\/\/vrtecsalovci.splet.arnes.si\/index.php?rest_route=\/wp\/v2\/pages\/5407","targetHints":{"allow":["GET"]}}],"collection":[{"href":"https:\/\/vrtecsalovci.splet.arnes.si\/index.php?rest_route=\/wp\/v2\/pages"}],"about":[{"href":"https:\/\/vrtecsalovci.splet.arnes.si\/index.php?rest_route=\/wp\/v2\/types\/page"}],"author":[{"embeddable":true,"href":"https:\/\/vrtecsalovci.splet.arnes.si\/index.php?rest_route=\/wp\/v2\/users\/81642"}],"replies":[{"embeddable":true,"href":"https:\/\/vrtecsalovci.splet.arnes.si\/index.php?rest_route=%2Fwp%2Fv2%2Fcomments&post=5407"}],"version-history":[{"count":1,"href":"https:\/\/vrtecsalovci.splet.arnes.si\/index.php?rest_route=\/wp\/v2\/pages\/5407\/revisions"}],"predecessor-version":[{"id":5408,"href":"https:\/\/vrtecsalovci.splet.arnes.si\/index.php?rest_route=\/wp\/v2\/pages\/5407\/revisions\/5408"}],"wp:attachment":[{"href":"https:\/\/vrtecsalovci.splet.arnes.si\/index.php?rest_route=%2Fwp%2Fv2%2Fmedia&parent=5407"}],"curies":[{"name":"wp","href":"https:\/\/api.w.org\/{rel}","templated":true}]}}